{"id":909,"date":"2018-03-15T19:30:46","date_gmt":"2018-03-15T18:30:46","guid":{"rendered":"https:\/\/serveisdentalsvirgili.com\/?page_id=909"},"modified":"2018-03-15T19:30:46","modified_gmt":"2018-03-15T18:30:46","slug":"virgili-clinica-dental","status":"publish","type":"page","link":"https:\/\/serveisdentalsvirgili.com\/es\/virgili-clinica-dental\/","title":{"rendered":"Virgili clinica dental"},"content":{"rendered":"<div class=\"wpb-content-wrapper\"><p>[vc_row css_animation=\u00bb\u00bb row_type=\u00bbrow\u00bb use_row_as_full_screen_section=\u00bbno\u00bb type=\u00bbfull_width\u00bb angled_section=\u00bbno\u00bb text_align=\u00bbleft\u00bb background_image_as_pattern=\u00bbwithout_pattern\u00bb css=\u00bb.vc_custom_1521106023212{padding-top: 45px !important;padding-bottom: 45px !important;}\u00bb z_index=\u00bb\u00bb][vc_column][qode_elements_holder number_of_columns=\u00bbtwo_columns\u00bb][qode_elements_holder_item item_padding=\u00bb0% 10% 10% 0%\u00bb vertical_alignment=\u00bbmiddle\u00bb advanced_animations=\u00bbno\u00bb][vc_column_text]<\/p>\n<h2 style=\"text-align: left;\">Su cl\u00ednica dental en Reus<\/h2>\n<h3 style=\"text-align: left;\">desde 1993<\/h3>\n<p>[\/vc_column_text][vc_empty_space height=\u00bb30px\u00bb][vc_column_text el_class=\u00bbjustify\u00bb]<\/p>\n<div class=\"wpb_text_column wpb_content_element justify\">\n<div class=\"wpb_wrapper\">\n<p>Virgili cl\u00ednica dental somos una cl\u00ednica dental familiar situada en Reus, con una trayectoria de m\u00e1s de 25 a\u00f1os de experiencia, y como una de las cl\u00ednicas dentales mas lonjebas en la ciudad.<\/p>\n<\/div>\n<\/div>\n<p>[\/vc_column_text][vc_empty_space height=\u00bb15px\u00bb][vc_column_text el_class=\u00bbjustify\u00bb]<\/p>\n<div class=\"wpb_text_column wpb_content_element justify\">\n<div class=\"wpb_wrapper\">\n<div class=\"wpb_text_column wpb_content_element justify\">\n<div class=\"wpb_wrapper\">\n<p>Nuestra nueva cl\u00ednica, est\u00e1 dise\u00f1ada por y para nuestros clientes. Dotada de las \u00faltimas novedades en diagn\u00f3stico y con la \u00faltima tecnolog\u00eda de mercado, hacen de nuestra cl\u00ednica dental, una centro de salud bucodental de referencia en Reus.<\/p>\n<\/div>\n<\/div>\n<\/div>\n<\/div>\n<p>[\/vc_column_text][vc_empty_space height=\u00bb15px\u00bb][vc_column_text el_class=\u00bbjustify\u00bb]<\/p>\n<div class=\"wpb_text_column wpb_content_element justify\">\n<div class=\"wpb_wrapper\">\n<div class=\"wpb_text_column wpb_content_element justify\">\n<div class=\"wpb_wrapper\">\n<div class=\"wpb_text_column wpb_content_element justify\">\n<div class=\"wpb_wrapper\">\n<p>Por otro lado, nuestro equipo combina la experiencia con la juventud, dotando a nuestra cl\u00ednica dental de un equipo multidisciplinar que incorpora los \u00faltimos tratamientos en salud bucodental.<\/p>\n<\/div>\n<\/div>\n<div class=\"vc_empty_space\"><\/div>\n<\/div>\n<\/div>\n<\/div>\n<\/div>\n<p>[\/vc_column_text][\/qode_elements_holder_item][qode_elements_holder_item background_image=\u00bb771&#8243; advanced_animations=\u00bbno\u00bb][\/qode_elements_holder_item][\/qode_elements_holder][\/vc_column][\/vc_row][vc_row css_animation=\u00bb\u00bb row_type=\u00bbrow\u00bb use_row_as_full_screen_section=\u00bbno\u00bb type=\u00bbfull_width\u00bb angled_section=\u00bbno\u00bb text_align=\u00bbleft\u00bb background_image_as_pattern=\u00bbwithout_pattern\u00bb z_index=\u00bb\u00bb][vc_column]<div class='cover_boxes' data-active-element='1'><ul class='clearfix'><li><div class='box'><a itemprop='url' class='thumb' href='' target='_self'><img itemprop='image' alt='Equipamiento de \u00faltima generaci\u00f3n' src='https:\/\/serveisdentalsvirgili.com\/wp-content\/uploads\/2018\/03\/virgili-clinica-dental-en-reus-box.jpg' \/><\/a><div class='box_content'><h3  style='color:#8fc3d3''>Equipamiento de \u00faltima generaci\u00f3n<\/h3><p  style='color:#484848''>Nuestros box est\u00e1n equipados con la \u00faltima tecnolog\u00eda en diagn\u00f3stico y tratamiento bucodental.<\/p><\/div><\/div><\/li><li><div class='box'><a itemprop='url' class='thumb' href='' target='_self'><img itemprop='image' alt='Un nuevo espacio' src='https:\/\/serveisdentalsvirgili.com\/wp-content\/uploads\/2018\/03\/virgili-clinica-dental-reus.jpg' \/><\/a><div class='box_content'><h3  style='color:#8fc3d3''>Un nuevo espacio<\/h3><p  style='color:#484848''>Un nuevo espacio donde la salud de nuestros pacientes es lo mas importante.<\/p><\/div><\/div><\/li><li><div class='box'><a itemprop='url' class='thumb' href='' target='_self'><img itemprop='image' alt='Creada para t\u00ed' src='https:\/\/serveisdentalsvirgili.com\/wp-content\/uploads\/2018\/03\/virgili-clinica-dental-sala-de-espera.jpg' \/><\/a><div class='box_content'><h3  style='color:#8fc3d3''>Creada para t\u00ed<\/h3><p  style='color:#484848''>Nuestro nueva cl\u00ednica est\u00e1 pensada para que te sientas comodo.<\/p><\/div><\/div><\/li><\/ul><\/div>[vc_empty_space height=\u00bb30px\u00bb][\/vc_column][\/vc_row][vc_row css_animation=\u00bb\u00bb row_type=\u00bbrow\u00bb use_row_as_full_screen_section=\u00bbno\u00bb type=\u00bbfull_width\u00bb angled_section=\u00bbno\u00bb text_align=\u00bbleft\u00bb background_image_as_pattern=\u00bbwithout_pattern\u00bb css=\u00bb.vc_custom_1521106441603{padding-top: 45px !important;}\u00bb z_index=\u00bb\u00bb][vc_column css=\u00bb.vc_custom_1521109498645{background-image: url(https:\/\/serveisdentalsvirgili.com\/wp-content\/uploads\/2018\/03\/virgili-clinica-dental.jpg?id=747) !important;}\u00bb][vc_empty_space height=\u00bb150px\u00bb][vc_column_text]<\/p>\n<h3 style=\"text-align: center; color: #fff; font-size: 48px;\">Tu cl\u00ednica dental en Reus desde 1993<\/h3>\n<p>[\/vc_column_text][vc_empty_space height=\u00bb150px\u00bb][\/vc_column][\/vc_row][vc_row css_animation=\u00bb\u00bb row_type=\u00bbrow\u00bb use_row_as_full_screen_section=\u00bbno\u00bb type=\u00bbfull_width\u00bb angled_section=\u00bbno\u00bb text_align=\u00bbcenter\u00bb background_image_as_pattern=\u00bbwithout_pattern\u00bb css=\u00bb.vc_custom_1521105864556{padding-top: 60px !important;padding-bottom: 60px !important;}\u00bb z_index=\u00bb\u00bb][vc_column width=\u00bb1\/4&#8243;]<div class='q_icon_with_title medium custom_icon_image center qode_iwt_hover_enabled '><div class=\"icon_holder \" style=\" \"><img decoding=\"async\" itemprop=\"image\" style=\"\" src=\"https:\/\/serveisdentalsvirgili.com\/wp-content\/uploads\/2018\/03\/primera-visita-gratis-dentista-reus.png\" alt=\"\"><\/div><div class=\"icon_text_holder\" style=\"\"><div class=\"icon_text_inner\" style=\"\"><h5 class=\"icon_title\" style=\"\">PRIMERA VISITA Y DIAGN\u00d3STICO GRATUITO<\/h5><p style=''><\/p><\/div><\/div><\/div>[\/vc_column][vc_column width=\u00bb1\/4&#8243;]<div class='q_icon_with_title medium custom_icon_image center qode_iwt_hover_enabled '><div class=\"icon_holder \" style=\" \"><img decoding=\"async\" itemprop=\"image\" style=\"\" src=\"https:\/\/serveisdentalsvirgili.com\/wp-content\/uploads\/2018\/03\/laboratorio-dental-en-reus.png\" alt=\"\"><\/div><div class=\"icon_text_holder\" style=\"\"><div class=\"icon_text_inner\" style=\"\"><h5 class=\"icon_title\" style=\"\">Laboratorio prot\u00e9sico dental propio<\/h5><p style=''><\/p><\/div><\/div><\/div>[\/vc_column][vc_column width=\u00bb1\/4&#8243;]<div class='q_icon_with_title medium custom_icon_image center qode_iwt_hover_enabled '><div class=\"icon_holder \" style=\" \"><img decoding=\"async\" itemprop=\"image\" style=\"\" src=\"https:\/\/serveisdentalsvirgili.com\/wp-content\/uploads\/2018\/03\/presupuesto-gratuito-dentista-reus.png\" alt=\"\"><\/div><div class=\"icon_text_holder\" style=\"\"><div class=\"icon_text_inner\" style=\"\"><h5 class=\"icon_title\" style=\"\">Presupuesto sin compromiso<\/h5><p style=''><\/p><\/div><\/div><\/div>[\/vc_column][vc_column width=\u00bb1\/4&#8243;]<div class='q_icon_with_title medium custom_icon_image center qode_iwt_hover_enabled '><div class=\"icon_holder \" style=\" \"><img decoding=\"async\" itemprop=\"image\" style=\"\" src=\"https:\/\/serveisdentalsvirgili.com\/wp-content\/uploads\/2018\/03\/financiacion.png\" alt=\"\"><\/div><div class=\"icon_text_holder\" style=\"\"><div class=\"icon_text_inner\" style=\"\"><h5 class=\"icon_title\" style=\"\">Financiaci\u00f3n a medida<\/h5><p style=''><\/p><\/div><\/div><\/div>[\/vc_column][\/vc_row]<\/p>\n<\/div>","protected":false},"excerpt":{"rendered":"<p>[vc_row css_animation=\u00bb\u00bb row_type=\u00bbrow\u00bb use_row_as_full_screen_section=\u00bbno\u00bb type=\u00bbfull_width\u00bb angled_section=\u00bbno\u00bb text_align=\u00bbleft\u00bb background_image_as_pattern=\u00bbwithout_pattern\u00bb css=\u00bb.vc_custom_1521106023212{padding-top: 45px !important;padding-bottom: 45px !important;}\u00bb z_index=\u00bb\u00bb][vc_column][qode_elements_holder number_of_columns=\u00bbtwo_columns\u00bb][qode_elements_holder_item item_padding=\u00bb0% 10% 10% 0%\u00bb vertical_alignment=\u00bbmiddle\u00bb advanced_animations=\u00bbno\u00bb][vc_column_text] Su cl\u00ednica dental en Reus desde 1993 [\/vc_column_text][vc_empty_space height=\u00bb30px\u00bb][vc_column_text el_class=\u00bbjustify\u00bb] Virgili cl\u00ednica dental somos una cl\u00ednica dental familiar situada en Reus, con una trayectoria&#8230;<\/p>\n","protected":false},"author":1,"featured_media":0,"parent":0,"menu_order":0,"comment_status":"closed","ping_status":"closed","template":"","meta":{"footnotes":""},"class_list":["post-909","page","type-page","status-publish","hentry"],"_links":{"self":[{"href":"https:\/\/serveisdentalsvirgili.com\/es\/wp-json\/wp\/v2\/pages\/909","targetHints":{"allow":["GET"]}}],"collection":[{"href":"https:\/\/serveisdentalsvirgili.com\/es\/wp-json\/wp\/v2\/pages"}],"about":[{"href":"https:\/\/serveisdentalsvirgili.com\/es\/wp-json\/wp\/v2\/types\/page"}],"author":[{"embeddable":true,"href":"https:\/\/serveisdentalsvirgili.com\/es\/wp-json\/wp\/v2\/users\/1"}],"replies":[{"embeddable":true,"href":"https:\/\/serveisdentalsvirgili.com\/es\/wp-json\/wp\/v2\/comments?post=909"}],"version-history":[{"count":1,"href":"https:\/\/serveisdentalsvirgili.com\/es\/wp-json\/wp\/v2\/pages\/909\/revisions"}],"predecessor-version":[{"id":910,"href":"https:\/\/serveisdentalsvirgili.com\/es\/wp-json\/wp\/v2\/pages\/909\/revisions\/910"}],"wp:attachment":[{"href":"https:\/\/serveisdentalsvirgili.com\/es\/wp-json\/wp\/v2\/media?parent=909"}],"curies":[{"name":"wp","href":"https:\/\/api.w.org\/{rel}","templated":true}]}}