{"id":919,"date":"2018-03-15T19:40:58","date_gmt":"2018-03-15T18:40:58","guid":{"rendered":"https:\/\/serveisdentalsvirgili.com\/?page_id=919"},"modified":"2018-04-24T15:55:03","modified_gmt":"2018-04-24T14:55:03","slug":"ortodoncia","status":"publish","type":"page","link":"https:\/\/serveisdentalsvirgili.com\/es\/ortodoncia\/","title":{"rendered":"Ortodoncia"},"content":{"rendered":"<div class=\"wpb-content-wrapper\"><p>[vc_row css_animation=\u00bb\u00bb row_type=\u00bbrow\u00bb use_row_as_full_screen_section=\u00bbno\u00bb type=\u00bbgrid\u00bb angled_section=\u00bbno\u00bb text_align=\u00bbcenter\u00bb background_image_as_pattern=\u00bbwithout_pattern\u00bb css=\u00bb.vc_custom_1468928392486{padding-top: 100px !important;padding-bottom: 65px !important;}\u00bb][vc_column][qode_elements_holder number_of_columns=\u00bbtwo_columns\u00bb][qode_elements_holder_item item_padding=\u00bb0 5%\u00bb vertical_alignment=\u00bbmiddle\u00bb advanced_animations=\u00bbno\u00bb item_padding_1024_1280=\u00bb0 0 0 0&#8243; item_padding_768_1024=\u00bb0 0 0 0&#8243; item_padding_600_768=\u00bb0 0 60px 0&#8243; item_padding_480_600=\u00bb0 0 60px 0&#8243; item_padding_480=\u00bb0 0 60px 0&#8243;][vc_column_text]<\/p>\n<h2>\u00bfQu\u00e9 es la ortodoncia?<\/h2>\n<p>[\/vc_column_text][vc_empty_space height=\u00bb46px\u00bb][vc_column_text el_class=\u00bbjustify\u00bb]Ortodoncia es una especialidad de la odontolog\u00eda que se encarga de la correcci\u00f3n de los dientes y huesos posicionados incorrectamente. Los dientes en mala posici\u00f3n y los que no muerden correctamente unos contra otro son dif\u00edciles de mantener limpios, corren riesgos de p\u00e9rdida precoz debido a caries y enfermedades periodontales, y ocasionan una tensi\u00f3n extra sobre los m\u00fasculos de la masticaci\u00f3n que puede generar dolores de cabeza, s\u00edndrome de ATM y dolores varios en cuello, hombros y espalda. Adem\u00e1s, los dientes girados o posicionados incorrectamente desmerecen nuestro aspecto.[\/vc_column_text][vc_empty_space height=\u00bb30px\u00bb]<a  itemprop=\"url\" href=\"https:\/\/serveisdentalsvirgili.com\/contacto\/\" target=\"_self\" data-hover-background-color=#8fc3d3 data-hover-color=#ffffff class=\"qbutton  large center default\" style=\"color: #424242; background-color: #ededed;\">Pida cita ahora<\/a>[\/qode_elements_holder_item][qode_elements_holder_item vertical_alignment=\u00bbmiddle\u00bb advanced_animations=\u00bbno\u00bb][vc_empty_space height=\u00bb19px\u00bb][vc_single_image image=\u00bb420&#8243; img_size=\u00bbfull\u00bb qode_css_animation=\u00bb\u00bb][\/qode_elements_holder_item][\/qode_elements_holder][\/vc_column][\/vc_row][vc_row css_animation=\u00bb\u00bb row_type=\u00bbrow\u00bb use_row_as_full_screen_section=\u00bbno\u00bb type=\u00bbgrid\u00bb angled_section=\u00bbno\u00bb text_align=\u00bbleft\u00bb background_image_as_pattern=\u00bbwithout_pattern\u00bb z_index=\u00bb\u00bb css=\u00bb.vc_custom_1519730313357{padding-top: 60px !important;padding-bottom: 60px !important;background-color: #f9f9f9 !important;}\u00bb][vc_column][vc_column_text]<\/p>\n<h2 style=\"text-align: center;\">\u00bfTipos de tratamientos para ortodoncia?<\/h2>\n<p>[\/vc_column_text][vc_empty_space height=\u00bb40px\u00bb][vc_row_inner row_type=\u00bbrow\u00bb type=\u00bbfull_width\u00bb text_align=\u00bbleft\u00bb css_animation=\u00bb\u00bb][vc_column_inner width=\u00bb1\/3&#8243;]<div class=\"image_with_text\"><img decoding=\"async\" itemprop=\"image\" src=\"https:\/\/serveisdentalsvirgili.com\/wp-content\/uploads\/2018\/04\/invasilign.jpg\" alt=\"Ortodoncia Invisalign\" \/><h3 style=\"color:#8fc3d3;\">Ortodoncia Invisalign<\/h3><span style=\"margin: 6px 0px;\" class=\"separator transparent\"><\/span><\/p>\n<p style=\"text-align: justify;\">La t\u00e9cnica Invisalign es una de las \u00faltimos tratamientos ortod\u00f3ncicos y supone un gran avance en la ortodoncia, ya que carece de alambres, brackets y otras piezas m\u00f3viles. Representa una soluci\u00f3n est\u00e9tica al ser transparente y apenas perceptible.<\/p>\n<p><\/div>[\/vc_column_inner][vc_column_inner width=\u00bb1\/3&#8243;]<div class=\"image_with_text\"><img decoding=\"async\" itemprop=\"image\" src=\"https:\/\/serveisdentalsvirgili.com\/wp-content\/uploads\/2018\/02\/ortodoncia-con-brackets.jpg\" alt=\"Ortodoncia con brackets\" \/><h3 style=\"color:#8fc3d3;\">Ortodoncia con brackets<\/h3><span style=\"margin: 6px 0px;\" class=\"separator transparent\"><\/span><\/p>\n<p style=\"text-align: justify;\">Esta tipo de ortodoncia se basa en la\u00a0colocaci\u00f3n\u00a0de unas peque\u00f1as\u00a0piezas met\u00e1licas adheridas a la\u00a0cara externa e interna de los dientes, los llamados brackets y\u00a0unas ligaduras\u00a0que junto a un\u00a0arco de alambre tensor\u00a0consiguen ejercer presi\u00f3n en el arco dental de tal forma que corrige la posici\u00f3n de los dientes.<\/p>\n<p><\/div>[\/vc_column_inner][vc_column_inner width=\u00bb1\/3&#8243;]<div class=\"image_with_text\"><img decoding=\"async\" itemprop=\"image\" src=\"https:\/\/serveisdentalsvirgili.com\/wp-content\/uploads\/2018\/02\/ortodoncia-removible.jpg\" alt=\"Ortodoncia removible\" \/><h3 style=\"color:#8fc3d3;\">Ortodoncia removible<\/h3><span style=\"margin: 6px 0px;\" class=\"separator transparent\"><\/span><\/p>\n<p style=\"text-align: justify;\">La ortodoncia removible se caracteriza por que los aparatos se pueden quitar y poner.\u00a0Se trata de unos ganchos met\u00e1licos con soporte en los molares, que tienen la funci\u00f3n de corregir los defectos \u00f3seos. Este tipo son de gran utilidad para la correcci\u00f3n de defectos en la mand\u00edbula, para la expansi\u00f3n de maxilares y para los movimientos dentarios espec\u00edficos.<\/p>\n<p><\/div>[\/vc_column_inner][\/vc_row_inner][\/vc_column][\/vc_row][vc_row css_animation=\u00bb\u00bb row_type=\u00bbrow\u00bb use_row_as_full_screen_section=\u00bbno\u00bb type=\u00bbgrid\u00bb angled_section=\u00bbno\u00bb text_align=\u00bbcenter\u00bb background_image_as_pattern=\u00bbwithout_pattern\u00bb css=\u00bb.vc_custom_1519730375096{padding-top: 90px !important;padding-bottom: 90px !important;}\u00bb z_index=\u00bb\u00bb][vc_column][vc_column_text]<\/p>\n<h3 style=\"text-align: center; color: #424242; font-size: 34px;\">\u00bfC\u00f3mo s\u00e9 si necesito tratamiento de ortodoncia?<\/h3>\n<p>[\/vc_column_text][vc_empty_space height=\u00bb40px\u00bb][vc_row_inner row_type=\u00bbrow\u00bb type=\u00bbfull_width\u00bb text_align=\u00bbleft\u00bb css_animation=\u00bb\u00bb][vc_column_inner width=\u00bb1\/2&#8243;]<div class='q_icon_with_title small normal_icon '><div class=\"icon_holder \" style=\" \"><span data-icon-type=\"normal\"   style=\"\" class=\"qode_iwt_icon_holder q_font_awsome_icon fa-2x  \"><i class=\"qodef-icon-linea-icon icon-arrows-check qode_iwt_icon_element\" style=\"color: #8fc3d3;\" ><\/i><\/span><\/div><div class=\"icon_text_holder\" style=\"\"><div class=\"icon_text_inner\" style=\"\"><h4 class=\"icon_title\" style=\"font-weight: 500;\">Sobremordida:<\/h4><p style=''> Las coronas de los dientes anteriores superiores cubren casi por completo las coronas de los dientes inferiores.<\/p><\/div><\/div><\/div><div class='q_icon_with_title small normal_icon '><div class=\"icon_holder \" style=\" \"><span data-icon-type=\"normal\"   style=\"\" class=\"qode_iwt_icon_holder q_font_awsome_icon fa-2x  \"><i class=\"qodef-icon-linea-icon icon-arrows-check qode_iwt_icon_element\" style=\"color: #8fc3d3;\" ><\/i><\/span><\/div><div class=\"icon_text_holder\" style=\"\"><div class=\"icon_text_inner\" style=\"\"><h4 class=\"icon_title\" style=\"font-weight: 500;\">L\u00ednea media desplazada: <\/h4><p style=''>Se produce cuando la l\u00ednea imaginaria que divide en el centro a los dientes anteriores superiores no se alinea con la de los dientes inferiores.<\/p><\/div><\/div><\/div><div class='q_icon_with_title small normal_icon '><div class=\"icon_holder \" style=\" \"><span data-icon-type=\"normal\"   style=\"\" class=\"qode_iwt_icon_holder q_font_awsome_icon fa-2x  \"><i class=\"qodef-icon-linea-icon icon-arrows-check qode_iwt_icon_element\" style=\"color: #8fc3d3;\" ><\/i><\/span><\/div><div class=\"icon_text_holder\" style=\"\"><div class=\"icon_text_inner\" style=\"\"><h4 class=\"icon_title\" style=\"font-weight: 500;\"> Mordida abierta:<\/h4><p style=''>Espacio que se produce entre las superficies de mordida de los dientes anteriores cuando de alg\u00fan lado el resto est\u00e1n cerrados.<\/p><\/div><\/div><\/div><div class='q_icon_with_title small normal_icon '><div class=\"icon_holder \" style=\" \"><span data-icon-type=\"normal\"   style=\"\" class=\"qode_iwt_icon_holder q_font_awsome_icon fa-2x  \"><i class=\"qodef-icon-linea-icon icon-arrows-check qode_iwt_icon_element\" style=\"color: #8fc3d3;\" ><\/i><\/span><\/div><div class=\"icon_text_holder\" style=\"\"><div class=\"icon_text_inner\" style=\"\"><h4 class=\"icon_title\" style=\"font-weight: 500;\">Api\u00f1amiento: <\/h4><p style=''>Cuando los dientes son demasiado grandes para ser acomodados en el espacio que ofrecen los maxilares.<\/p><\/div><\/div><\/div>[\/vc_column_inner][vc_column_inner width=\u00bb1\/2&#8243;]<div class='q_icon_with_title small normal_icon '><div class=\"icon_holder \" style=\" \"><span data-icon-type=\"normal\"   style=\"\" class=\"qode_iwt_icon_holder q_font_awsome_icon fa-2x  \"><i class=\"qodef-icon-linea-icon icon-arrows-check qode_iwt_icon_element\" style=\"color: #8fc3d3;\" ><\/i><\/span><\/div><div class=\"icon_text_holder\" style=\"\"><div class=\"icon_text_inner\" style=\"\"><h4 class=\"icon_title\" style=\"font-weight: 500;\">Submordida: <\/h4><p style=''>El paciente presenta un aspecto de ``bulldog``, \u00f3 los dientes inferiores se extienden excesivamente hacia delante o bien los superiores se posicionan muy hacia atr\u00e1s.<\/p><\/div><\/div><\/div><div class='q_icon_with_title small normal_icon '><div class=\"icon_holder \" style=\" \"><span data-icon-type=\"normal\"   style=\"\" class=\"qode_iwt_icon_holder q_font_awsome_icon fa-2x  \"><i class=\"qodef-icon-linea-icon icon-arrows-check qode_iwt_icon_element\" style=\"color: #8fc3d3;\" ><\/i><\/span><\/div><div class=\"icon_text_holder\" style=\"\"><div class=\"icon_text_inner\" style=\"\"><h4 class=\"icon_title\" style=\"font-weight: 500;\">Mordida cruzada:<\/h4><p style=''>Se presenta cuando al morder normalmente, los dientes superiores no caen levemente por delante de los inferiores anteriores o ligeramente por fuera de los dientes inferiores posteriores.<\/p><\/div><\/div><\/div><div class='q_icon_with_title small normal_icon '><div class=\"icon_holder \" style=\" \"><span data-icon-type=\"normal\"   style=\"\" class=\"qode_iwt_icon_holder q_font_awsome_icon fa-2x  \"><i class=\"qodef-icon-linea-icon icon-arrows-check qode_iwt_icon_element\" style=\"color: #8fc3d3;\" ><\/i><\/span><\/div><div class=\"icon_text_holder\" style=\"\"><div class=\"icon_text_inner\" style=\"\"><h4 class=\"icon_title\" style=\"font-weight: 500;\">Espaciamiento:<\/h4><p style=''>Separaciones o espacios entre los dientes como resultado de piezas faltantes o dientes que no ocupan todo el espacio.<\/p><\/div><\/div><\/div>[\/vc_column_inner][\/vc_row_inner][\/vc_column][\/vc_row]<\/p>\n<\/div>","protected":false},"excerpt":{"rendered":"<p>[vc_row css_animation=\u00bb\u00bb row_type=\u00bbrow\u00bb use_row_as_full_screen_section=\u00bbno\u00bb type=\u00bbgrid\u00bb angled_section=\u00bbno\u00bb text_align=\u00bbcenter\u00bb background_image_as_pattern=\u00bbwithout_pattern\u00bb css=\u00bb.vc_custom_1468928392486{padding-top: 100px !important;padding-bottom: 65px !important;}\u00bb][vc_column][qode_elements_holder number_of_columns=\u00bbtwo_columns\u00bb][qode_elements_holder_item item_padding=\u00bb0 5%\u00bb vertical_alignment=\u00bbmiddle\u00bb advanced_animations=\u00bbno\u00bb item_padding_1024_1280=\u00bb0 0 0 0&#8243; item_padding_768_1024=\u00bb0 0 0 0&#8243; item_padding_600_768=\u00bb0 0 60px 0&#8243; item_padding_480_600=\u00bb0 0 60px 0&#8243; item_padding_480=\u00bb0 0 60px 0&#8243;][vc_column_text] \u00bfQu\u00e9 es la ortodoncia? [\/vc_column_text][vc_empty_space height=\u00bb46px\u00bb][vc_column_text el_class=\u00bbjustify\u00bb]Ortodoncia&#8230;<\/p>\n","protected":false},"author":1,"featured_media":0,"parent":0,"menu_order":0,"comment_status":"closed","ping_status":"closed","template":"full_width.php","meta":{"footnotes":""},"class_list":["post-919","page","type-page","status-publish","hentry"],"_links":{"self":[{"href":"https:\/\/serveisdentalsvirgili.com\/es\/wp-json\/wp\/v2\/pages\/919","targetHints":{"allow":["GET"]}}],"collection":[{"href":"https:\/\/serveisdentalsvirgili.com\/es\/wp-json\/wp\/v2\/pages"}],"about":[{"href":"https:\/\/serveisdentalsvirgili.com\/es\/wp-json\/wp\/v2\/types\/page"}],"author":[{"embeddable":true,"href":"https:\/\/serveisdentalsvirgili.com\/es\/wp-json\/wp\/v2\/users\/1"}],"replies":[{"embeddable":true,"href":"https:\/\/serveisdentalsvirgili.com\/es\/wp-json\/wp\/v2\/comments?post=919"}],"version-history":[{"count":2,"href":"https:\/\/serveisdentalsvirgili.com\/es\/wp-json\/wp\/v2\/pages\/919\/revisions"}],"predecessor-version":[{"id":1006,"href":"https:\/\/serveisdentalsvirgili.com\/es\/wp-json\/wp\/v2\/pages\/919\/revisions\/1006"}],"wp:attachment":[{"href":"https:\/\/serveisdentalsvirgili.com\/es\/wp-json\/wp\/v2\/media?parent=919"}],"curies":[{"name":"wp","href":"https:\/\/api.w.org\/{rel}","templated":true}]}}