{"id":934,"date":"2018-03-16T09:15:35","date_gmt":"2018-03-16T08:15:35","guid":{"rendered":"https:\/\/serveisdentalsvirgili.com\/?page_id=934"},"modified":"2018-03-16T09:15:35","modified_gmt":"2018-03-16T08:15:35","slug":"implantologia","status":"publish","type":"page","link":"https:\/\/serveisdentalsvirgili.com\/es\/implantologia\/","title":{"rendered":"Implantolog\u00eda"},"content":{"rendered":"<div class=\"wpb-content-wrapper\"><p>[vc_row css_animation=\u00bb\u00bb row_type=\u00bbrow\u00bb use_row_as_full_screen_section=\u00bbno\u00bb type=\u00bbgrid\u00bb angled_section=\u00bbno\u00bb text_align=\u00bbcenter\u00bb background_image_as_pattern=\u00bbwithout_pattern\u00bb css=\u00bb.vc_custom_1468928392486{padding-top: 100px !important;padding-bottom: 65px !important;}\u00bb][vc_column][qode_elements_holder number_of_columns=\u00bbtwo_columns\u00bb][qode_elements_holder_item item_padding=\u00bb0 5%\u00bb vertical_alignment=\u00bbmiddle\u00bb advanced_animations=\u00bbno\u00bb item_padding_1024_1280=\u00bb0 0 0 0&#8243; item_padding_768_1024=\u00bb0 0 0 0&#8243; item_padding_600_768=\u00bb0 0 60px 0&#8243; item_padding_480_600=\u00bb0 0 60px 0&#8243; item_padding_480=\u00bb0 0 60px 0&#8243;][vc_column_text]<\/p>\n<h2>\u00bfQu\u00e9 es la implantolog\u00eda?<\/h2>\n<p>[\/vc_column_text][vc_empty_space height=\u00bb46px\u00bb][vc_column_text el_class=\u00bbjustify\u00bb]Los implantes son elementos met\u00e1licos que se ubican quir\u00fargicamente en los huesos maxilares, debajo de las enc\u00edas. Una vez colocados en el lugar, el dentista puede colocar sobre ellos las coronas o puentes fijos que reemplazar\u00e1n a las piezas dentarias perdidas.<\/p>\n<p>El implante se fusiona con el hueso mandibular, proporcionando un soporte estable para los dientes artificiales.[\/vc_column_text][vc_empty_space height=\u00bb30px\u00bb]<a  itemprop=\"url\" href=\"https:\/\/serveisdentalsvirgili.com\/contacto\/\" target=\"_self\" data-hover-background-color=#8fc3d3 data-hover-color=#ffffff class=\"qbutton  large center default\" style=\"color: #424242; background-color: #ededed;\">Pida cita ahora<\/a>[\/qode_elements_holder_item][qode_elements_holder_item vertical_alignment=\u00bbmiddle\u00bb advanced_animations=\u00bbno\u00bb][vc_empty_space height=\u00bb19px\u00bb][vc_single_image image=\u00bb514&#8243; img_size=\u00bbfull\u00bb qode_css_animation=\u00bb\u00bb][\/qode_elements_holder_item][\/qode_elements_holder][\/vc_column][\/vc_row][vc_row css_animation=\u00bb\u00bb row_type=\u00bbrow\u00bb use_row_as_full_screen_section=\u00bbno\u00bb type=\u00bbgrid\u00bb angled_section=\u00bbno\u00bb text_align=\u00bbleft\u00bb background_image_as_pattern=\u00bbwithout_pattern\u00bb z_index=\u00bb\u00bb css=\u00bb.vc_custom_1519730313357{padding-top: 60px !important;padding-bottom: 60px !important;background-color: #f9f9f9 !important;}\u00bb][vc_column][vc_column_text]<\/p>\n<h2 style=\"text-align: center;\">Tipos de implantes dentales<\/h2>\n<p>[\/vc_column_text][vc_empty_space height=\u00bb40px\u00bb][vc_row_inner row_type=\u00bbrow\u00bb type=\u00bbfull_width\u00bb text_align=\u00bbleft\u00bb css_animation=\u00bb\u00bb][vc_column_inner width=\u00bb1\/3&#8243;]<div class=\"image_with_text\"><img decoding=\"async\" itemprop=\"image\" src=\"https:\/\/serveisdentalsvirgili.com\/wp-content\/uploads\/2018\/03\/implante-con-corona.jpg\" alt=\"Corona sobre implante\" \/><h3 style=\"color:#8fc3d3;\">Corona sobre implante<\/h3><span style=\"margin: 6px 0px;\" class=\"separator transparent\"><\/span><\/p>\n<p style=\"text-align: justify;\">Las pr\u00f3tesis sobre implantes de metal suelen tener la base met\u00e1lica, pero la capa externa de porcelana.\u00a0Las\u00a0coronas de zirconio\u00a0nos dan unas coronas con un aspecto muy natural, adem\u00e1s de ser un material con m\u00e1s\u00a0biocompatibilidad\u00a0con los tejidos periodontales, siendo mejor tolerado por la enc\u00eda. Con este material\u00a0evitamos riesgo de alergias\u00a0de metales en personas que tengan una predisposici\u00f3n ya que no provoca ning\u00fan tipo de alergia.<\/p>\n<p><\/div>[\/vc_column_inner][vc_column_inner width=\u00bb1\/3&#8243;]<div class=\"image_with_text\"><img decoding=\"async\" itemprop=\"image\" src=\"https:\/\/serveisdentalsvirgili.com\/wp-content\/uploads\/2018\/03\/implante-sobre-bola-atache.jpg\" alt=\"Pr\u00f3tesis implantosoportadas\" \/><h3 style=\"color:#8fc3d3;\">Pr\u00f3tesis implantosoportadas<\/h3><span style=\"margin: 6px 0px;\" class=\"separator transparent\"><\/span><\/p>\n<p style=\"text-align: justify;\">Estamos ante aquella pr\u00f3tesis que est\u00e1\u00a0soportada por implantes\u00a0dentales, es decir se sujetan gracias a los tornillos de titanio puro que se insertan en el interior del hueso maxilar una vez que estos se han integrado correctamente.\u00a0Pueden sustituir desde una pieza hasta una rehabilitaci\u00f3n completa<\/p>\n<p><\/div>[\/vc_column_inner][vc_column_inner width=\u00bb1\/3&#8243;]<div class=\"image_with_text\"><img decoding=\"async\" itemprop=\"image\" src=\"https:\/\/serveisdentalsvirgili.com\/wp-content\/uploads\/2018\/03\/implante-sobre-barra.jpg\" alt=\"Pr\u00f3tesis implantosoportadas con barra\" \/><h3 style=\"color:#8fc3d3;\">Pr\u00f3tesis implantosoportadas con barra<\/h3><span style=\"margin: 6px 0px;\" class=\"separator transparent\"><\/span><\/p>\n<p style=\"text-align: justify;\">Este tratamiento implantol\u00f3gico est\u00e1 indicado en pacientes que han perdido todos los dientes superiores o inferiores y en los que adem\u00e1s el hueso maxilofacial se ha reabsorbido con el paso del tiempo o a causa de procesos infecciosos, ya que reponen tanto los dientes ausentes como hueso y enc\u00eda<\/p>\n<p><\/div>[\/vc_column_inner][\/vc_row_inner][\/vc_column][\/vc_row]<\/p>\n<\/div>","protected":false},"excerpt":{"rendered":"<p>[vc_row css_animation=\u00bb\u00bb row_type=\u00bbrow\u00bb use_row_as_full_screen_section=\u00bbno\u00bb type=\u00bbgrid\u00bb angled_section=\u00bbno\u00bb text_align=\u00bbcenter\u00bb background_image_as_pattern=\u00bbwithout_pattern\u00bb css=\u00bb.vc_custom_1468928392486{padding-top: 100px !important;padding-bottom: 65px !important;}\u00bb][vc_column][qode_elements_holder number_of_columns=\u00bbtwo_columns\u00bb][qode_elements_holder_item item_padding=\u00bb0 5%\u00bb vertical_alignment=\u00bbmiddle\u00bb advanced_animations=\u00bbno\u00bb item_padding_1024_1280=\u00bb0 0 0 0&#8243; item_padding_768_1024=\u00bb0 0 0 0&#8243; item_padding_600_768=\u00bb0 0 60px 0&#8243; item_padding_480_600=\u00bb0 0 60px 0&#8243; item_padding_480=\u00bb0 0 60px 0&#8243;][vc_column_text] \u00bfQu\u00e9 es la implantolog\u00eda? [\/vc_column_text][vc_empty_space height=\u00bb46px\u00bb][vc_column_text el_class=\u00bbjustify\u00bb]Los&#8230;<\/p>\n","protected":false},"author":1,"featured_media":0,"parent":0,"menu_order":0,"comment_status":"closed","ping_status":"closed","template":"full_width.php","meta":{"footnotes":""},"class_list":["post-934","page","type-page","status-publish","hentry"],"_links":{"self":[{"href":"https:\/\/serveisdentalsvirgili.com\/es\/wp-json\/wp\/v2\/pages\/934","targetHints":{"allow":["GET"]}}],"collection":[{"href":"https:\/\/serveisdentalsvirgili.com\/es\/wp-json\/wp\/v2\/pages"}],"about":[{"href":"https:\/\/serveisdentalsvirgili.com\/es\/wp-json\/wp\/v2\/types\/page"}],"author":[{"embeddable":true,"href":"https:\/\/serveisdentalsvirgili.com\/es\/wp-json\/wp\/v2\/users\/1"}],"replies":[{"embeddable":true,"href":"https:\/\/serveisdentalsvirgili.com\/es\/wp-json\/wp\/v2\/comments?post=934"}],"version-history":[{"count":1,"href":"https:\/\/serveisdentalsvirgili.com\/es\/wp-json\/wp\/v2\/pages\/934\/revisions"}],"predecessor-version":[{"id":935,"href":"https:\/\/serveisdentalsvirgili.com\/es\/wp-json\/wp\/v2\/pages\/934\/revisions\/935"}],"wp:attachment":[{"href":"https:\/\/serveisdentalsvirgili.com\/es\/wp-json\/wp\/v2\/media?parent=934"}],"curies":[{"name":"wp","href":"https:\/\/api.w.org\/{rel}","templated":true}]}}