{"id":950,"date":"2018-03-16T09:31:19","date_gmt":"2018-03-16T08:31:19","guid":{"rendered":"https:\/\/serveisdentalsvirgili.com\/?page_id=950"},"modified":"2018-03-16T09:34:26","modified_gmt":"2018-03-16T08:34:26","slug":"estetica-dental","status":"publish","type":"page","link":"https:\/\/serveisdentalsvirgili.com\/es\/estetica-dental\/","title":{"rendered":"Est\u00e9tica dental"},"content":{"rendered":"<div class=\"wpb-content-wrapper\"><p>[vc_row css_animation=\u00bb\u00bb row_type=\u00bbrow\u00bb use_row_as_full_screen_section=\u00bbno\u00bb type=\u00bbgrid\u00bb angled_section=\u00bbno\u00bb text_align=\u00bbcenter\u00bb background_image_as_pattern=\u00bbwithout_pattern\u00bb css=\u00bb.vc_custom_1468928392486{padding-top: 100px !important;padding-bottom: 65px !important;}\u00bb][vc_column][qode_elements_holder number_of_columns=\u00bbtwo_columns\u00bb][qode_elements_holder_item item_padding=\u00bb0 5%\u00bb vertical_alignment=\u00bbmiddle\u00bb advanced_animations=\u00bbno\u00bb item_padding_1024_1280=\u00bb0 0 0 0&#8243; item_padding_768_1024=\u00bb0 0 0 0&#8243; item_padding_600_768=\u00bb0 0 60px 0&#8243; item_padding_480_600=\u00bb0 0 60px 0&#8243; item_padding_480=\u00bb0 0 60px 0&#8243;][vc_column_text]<\/p>\n<h2>Qu\u00e9 es la est\u00e9tica dental?<\/h2>\n<p>[\/vc_column_text][vc_empty_space height=\u00bb46px\u00bb][vc_column_text el_class=\u00bbjustify\u00bb]<\/p>\n<p style=\"text-align: justify;\">La est\u00e9tica dental es aquella especialidad de la odontolog\u00eda que se encarga de proporcionar armon\u00eda y belleza a la sonrisa.<br \/>\nCada vez son m\u00e1s las personas que desean tener no solamente una boca sana, sino tambi\u00e9n una perfecta sonrisa.<br \/>\nLos tratamientos m\u00e1s comunes son las carillas dentales y el blanqueamiento dental.<\/p>\n<p>[\/vc_column_text][vc_empty_space height=\u00bb30px\u00bb]<a  itemprop=\"url\" href=\"https:\/\/serveisdentalsvirgili.com\/contacto\/\" target=\"_self\" data-hover-background-color=#8fc3d3 data-hover-color=#ffffff class=\"qbutton  large center default\" style=\"color: #424242; background-color: #ededed;\">Pida cita ahora<\/a>[\/qode_elements_holder_item][qode_elements_holder_item vertical_alignment=\u00bbmiddle\u00bb advanced_animations=\u00bbno\u00bb][vc_empty_space height=\u00bb19px\u00bb][vc_single_image image=\u00bb495&#8243; img_size=\u00bbfull\u00bb qode_css_animation=\u00bb\u00bb][\/qode_elements_holder_item][\/qode_elements_holder][\/vc_column][\/vc_row][vc_row css_animation=\u00bb\u00bb row_type=\u00bbrow\u00bb use_row_as_full_screen_section=\u00bbno\u00bb type=\u00bbgrid\u00bb angled_section=\u00bbno\u00bb text_align=\u00bbleft\u00bb background_image_as_pattern=\u00bbwithout_pattern\u00bb z_index=\u00bb\u00bb css=\u00bb.vc_custom_1519730313357{padding-top: 60px !important;padding-bottom: 60px !important;background-color: #f9f9f9 !important;}\u00bb][vc_column][vc_column_text]<\/p>\n<h2 style=\"text-align: center;\">\u00bfTipos de tratamientos para ortodoncia?<\/h2>\n<p>[\/vc_column_text][vc_empty_space height=\u00bb40px\u00bb][vc_row_inner row_type=\u00bbrow\u00bb type=\u00bbfull_width\u00bb text_align=\u00bbleft\u00bb css_animation=\u00bb\u00bb][vc_column_inner width=\u00bb1\/3&#8243;]<div class=\"image_with_text\"><img decoding=\"async\" itemprop=\"image\" src=\"https:\/\/serveisdentalsvirgili.com\/wp-content\/uploads\/2018\/02\/blanqueamiento-dental.jpg\" alt=\"Blanqueamiento dental\" \/><h3 style=\"color:#8fc3d3;\">Blanqueamiento dental<\/h3><span style=\"margin: 6px 0px;\" class=\"separator transparent\"><\/span><\/p>\n<p style=\"text-align: justify;\">El blanqueamiento dental es la forma de devolver la belleza a unos dientes sanos. Se trae acabo de forma indolora, aclara el diente sin necesidad de alterar su estructura, por lo cual el resultado final siempre va a ser el de unos dientes m\u00e1s brillantes, blancos y sanos mientras que el esmalte se mantiene \u00edntegro.<\/p>\n<p><\/div>[\/vc_column_inner][vc_column_inner width=\u00bb1\/3&#8243;]<div class=\"image_with_text\"><img decoding=\"async\" itemprop=\"image\" src=\"https:\/\/serveisdentalsvirgili.com\/wp-content\/uploads\/2018\/02\/carillas-dentales.jpg\" alt=\"Carillas dentales (composite)\" \/><h3 style=\"color:#8fc3d3;\">Carillas dentales (composite)<\/h3><span style=\"margin: 6px 0px;\" class=\"separator transparent\"><\/span><\/p>\n<p style=\"text-align: justify;\">Una carilla dental es un tipo de restauraci\u00f3n que realizamos con el fin de mejorar la est\u00e9tica de la sonrisa del paciente. La carilla, se coloca sobre el diente o los dientes a tratar a manera de m\u00e1scara, para cubrir los defectos dentales o manchas que se desean ocultar.<\/p>\n<p><\/div>[\/vc_column_inner][vc_column_inner width=\u00bb1\/3&#8243;]<div class=\"image_with_text\"><img decoding=\"async\" itemprop=\"image\" src=\"https:\/\/serveisdentalsvirgili.com\/wp-content\/uploads\/2018\/02\/fundas-coronas-dentales-1.jpg\" alt=\"Fundes\" \/><h3 style=\"color:#8fc3d3;\">Fundes<\/h3><span style=\"margin: 6px 0px;\" class=\"separator transparent\"><\/span><\/p>\n<p style=\"text-align: justify;\">Las coronas o fundas dentales\u00a0se utilizan por\u00a0la devolver la funci\u00f3n y est\u00e9tica de los dientes estructuralmente comprometidos. Recubren totalmente un diente\u00a0y se adhieren a su superficie. Son un capuch\u00f3n que queda ajustado a un diente, cubri\u00e9ndolo y d\u00e1ndole una mejor apariencia est\u00e9tica a su parte visible.<\/p>\n<p><\/div>[\/vc_column_inner][\/vc_row_inner][\/vc_column][\/vc_row]<\/p>\n<\/div>","protected":false},"excerpt":{"rendered":"<p>[vc_row css_animation=\u00bb\u00bb row_type=\u00bbrow\u00bb use_row_as_full_screen_section=\u00bbno\u00bb type=\u00bbgrid\u00bb angled_section=\u00bbno\u00bb text_align=\u00bbcenter\u00bb background_image_as_pattern=\u00bbwithout_pattern\u00bb css=\u00bb.vc_custom_1468928392486{padding-top: 100px !important;padding-bottom: 65px !important;}\u00bb][vc_column][qode_elements_holder number_of_columns=\u00bbtwo_columns\u00bb][qode_elements_holder_item item_padding=\u00bb0 5%\u00bb vertical_alignment=\u00bbmiddle\u00bb advanced_animations=\u00bbno\u00bb item_padding_1024_1280=\u00bb0 0 0 0&#8243; item_padding_768_1024=\u00bb0 0 0 0&#8243; item_padding_600_768=\u00bb0 0 60px 0&#8243; item_padding_480_600=\u00bb0 0 60px 0&#8243; item_padding_480=\u00bb0 0 60px 0&#8243;][vc_column_text] Qu\u00e9 es la est\u00e9tica dental? [\/vc_column_text][vc_empty_space height=\u00bb46px\u00bb][vc_column_text&#8230;<\/p>\n","protected":false},"author":1,"featured_media":0,"parent":0,"menu_order":0,"comment_status":"closed","ping_status":"closed","template":"full_width.php","meta":{"footnotes":""},"class_list":["post-950","page","type-page","status-publish","hentry"],"_links":{"self":[{"href":"https:\/\/serveisdentalsvirgili.com\/es\/wp-json\/wp\/v2\/pages\/950","targetHints":{"allow":["GET"]}}],"collection":[{"href":"https:\/\/serveisdentalsvirgili.com\/es\/wp-json\/wp\/v2\/pages"}],"about":[{"href":"https:\/\/serveisdentalsvirgili.com\/es\/wp-json\/wp\/v2\/types\/page"}],"author":[{"embeddable":true,"href":"https:\/\/serveisdentalsvirgili.com\/es\/wp-json\/wp\/v2\/users\/1"}],"replies":[{"embeddable":true,"href":"https:\/\/serveisdentalsvirgili.com\/es\/wp-json\/wp\/v2\/comments?post=950"}],"version-history":[{"count":3,"href":"https:\/\/serveisdentalsvirgili.com\/es\/wp-json\/wp\/v2\/pages\/950\/revisions"}],"predecessor-version":[{"id":953,"href":"https:\/\/serveisdentalsvirgili.com\/es\/wp-json\/wp\/v2\/pages\/950\/revisions\/953"}],"wp:attachment":[{"href":"https:\/\/serveisdentalsvirgili.com\/es\/wp-json\/wp\/v2\/media?parent=950"}],"curies":[{"name":"wp","href":"https:\/\/api.w.org\/{rel}","templated":true}]}}